{"id":12,"date":"2025-06-10T13:47:47","date_gmt":"2025-06-10T12:47:47","guid":{"rendered":"https:\/\/sfreight.webgiantdemo.se\/?page_id=12"},"modified":"2025-09-25T17:02:38","modified_gmt":"2025-09-25T16:02:38","slug":"about-us","status":"publish","type":"page","link":"https:\/\/iftiincargo.com\/sv\/about-us\/","title":{"rendered":"Om oss"},"content":{"rendered":"<ul>\n<li>\n<p>        <img decoding=\"async\" src=\"\/wp-content\/uploads\/2025\/06\/Content-Slider-1.jpg\" alt=\"\"><\/p>\n<h3>P\u00e5litlig frakt och leveranskedja <\/h3>\n<div>Sed porttitor lectus nibh. Mauris blandit aliquet elit, eget tincidunt nibh pulvinar a. Vestibulum ante ipsum primis in faucibus Praesent sapien massa.<\/div>\n<\/li>\n<li>\n<p>        <img decoding=\"async\" src=\"\/wp-content\/uploads\/2025\/06\/h1-left-filler-img-01.jpg\" alt=\"\"><\/p>\n<h3>Frakt- och logistikhantering<\/h3>\n<div>Praesent sapien massa, convallis a pellentesque nec, egestas non nisi. Pellentesque in ipsum id orci porta dapibus. Curabitur aliquet quam. Sed porttitor lectus nibh.<\/div>\n<\/li>\n<li>\n<p>        <img decoding=\"async\" src=\"\/wp-content\/uploads\/2025\/06\/Content-Slider-2.jpg\" alt=\"\"><\/p>\n<h3>Moderna f\u00f6retag Smart logistik<\/h3>\n<div>Quisque velit nisi, pretium ut lacinia in, elementum id enim. Proin eget tortor risus. Curabitur non nulla sit amet nisl tempus convallis quis. eget tincidunt nibh pulvinar a.<\/div>\n<\/li>\n<\/ul>\n<h5>Internationell<\/h5>\n<h2>Vi f\u00f6renklar din frakt till Somalia<\/h2>\n<p><img decoding=\"async\" src=\"\/wp-content\/uploads\/2025\/06\/vehicle.svg\" alt=\"\"><\/p>\n<div>\n<p>Vi grundades med ett tydligt m\u00e5l: att g\u00f6ra det enkelt och s\u00e4kert f\u00f6r m\u00e4nniskor i Sverige att skicka saker till sina n\u00e4ra och k\u00e4ra i Somalia. Med flera \u00e5rs erfarenhet av b\u00e5tfrakt och ett stort kontaktn\u00e4t i regionen erbjuder vi p\u00e5litlig och prisv\u00e4rd transport.<\/p>\n<\/div>\n<ul>\n<li>\n<p>        <img decoding=\"async\" src=\"\/wp-content\/uploads\/2025\/06\/checkmark.svg\" alt=\"\"><\/p>\n<h4>P\u00e5litlighet<\/h4>\n<\/li>\n<li>\n<p>        <img decoding=\"async\" src=\"\/wp-content\/uploads\/2025\/06\/checkmark.svg\" alt=\"\"><\/p>\n<h4>Tydlig kommunikation<\/h4>\n<\/li>\n<li>\n<p>        <img decoding=\"async\" src=\"\/wp-content\/uploads\/2025\/06\/checkmark.svg\" alt=\"\"><\/p>\n<h4>Kundorienterad service<\/h4>\n<\/li>\n<li>\n<p>        <img decoding=\"async\" src=\"\/wp-content\/uploads\/2025\/06\/checkmark.svg\" alt=\"\"><\/p>\n<h4>S\u00e4kra leveranser<\/h4>\n<\/li>\n<\/ul>\n<div>\n<p>        <img decoding=\"async\" src=\"\/wp-content\/uploads\/2025\/06\/phone.svg\" alt=\"\"><\/p>\n<div>0700456278<\/div>\n<p>Telefonnummer<\/p>\n<p><a href=\"tel:+00123456789\"><\/a><\/p>\n<\/div>\n<p><!--more--><br \/>\n<!-- {\"type\":\"layout\",\"children\":[{\"type\":\"section\",\"props\":{\"image_position\":\"center-center\",\"style\":\"secondary\",\"title_breakpoint\":\"xl\",\"title_position\":\"top-left\",\"title_rotation\":\"left\",\"vertical_align\":\"middle\",\"width\":\"large\"},\"children\":[{\"type\":\"row\",\"props\":{\"column_gap\":\"large\",\"layout\":\"1-2,1-2\"},\"children\":[{\"type\":\"column\",\"props\":{\"image_position\":\"center-center\",\"position_sticky_breakpoint\":\"m\",\"width_medium\":\"1-2\"},\"children\":[{\"type\":\"slideshow\",\"props\":{\"css\":\".el-overlay{\\n    width: 75%;\\n    box-sizing: border-box;\\n    padding: clamp(1.875rem, 1.4423rem + 1.9231vw, 3.75rem);\\n    background-color: #082d3899;\\n    backdrop-filter: blur(5px);\\n}\\n.el-title{\\n\\tcolor: var(--wg-color-primary);\\n    line-height: 1.1;\\n    font-size: clamp(1.25rem, 1.0192rem + 1.0256vw, 2.25rem);\\n}\",\"link_style\":\"default\",\"link_text\":\"Read more\",\"margin\":\"default\",\"meta_align\":\"below-title\",\"meta_element\":\"div\",\"meta_style\":\"text-meta\",\"nav\":\"dotnav\",\"nav_align\":\"center\",\"nav_below\":true,\"nav_breakpoint\":\"s\",\"nav_position\":\"bottom-center\",\"nav_position_margin\":\"medium\",\"overlay_animation\":\"parallax\",\"overlay_margin\":\"none\",\"overlay_position\":\"bottom-left\",\"overlay_style\":\"tile-secondary\",\"show_content\":true,\"show_link\":true,\"show_meta\":true,\"show_thumbnail\":true,\"show_title\":true,\"slidenav\":\"\",\"slidenav_breakpoint\":\"s\",\"slidenav_margin\":\"medium\",\"slidenav_outside_breakpoint\":\"xl\",\"slideshow_animation\":\"fade\",\"slideshow_autoplay\":true,\"slideshow_autoplay_pause\":true,\"slideshow_min_height\":\"400\",\"thumbnav_height\":\"75\",\"thumbnav_svg_color\":\"emphasis\",\"thumbnav_width\":\"100\",\"title_element\":\"h3\",\"title_hover_style\":\"reset\"},\"children\":[{\"type\":\"slideshow_item\",\"props\":{\"content\":\"Sed porttitor lectus nibh. Mauris blandit aliquet elit, eget tincidunt nibh pulvinar a. Vestibulum ante ipsum primis in faucibus Praesent sapien massa.\",\"image\":\"wp-content\\\/uploads\\\/2025\\\/06\\\/Content-Slider-1.jpg\",\"title\":\"Reliable Shipping And Supply Chain \"}},{\"type\":\"slideshow_item\",\"props\":{\"content\":\"Praesent sapien massa, convallis a pellentesque nec, egestas non nisi. Pellentesque in ipsum id orci porta dapibus. Curabitur aliquet quam. Sed porttitor lectus nibh.\",\"image\":\"wp-content\\\/uploads\\\/2025\\\/06\\\/h1-left-filler-img-01.jpg\",\"title\":\"Freight And Logistics Management\"}},{\"type\":\"slideshow_item\",\"props\":{\"content\":\"Quisque velit nisi, pretium ut lacinia in, elementum id enim. Proin eget tortor risus. Curabitur non nulla sit amet nisl tempus convallis quis. eget tincidunt nibh pulvinar a.\",\"image\":\"wp-content\\\/uploads\\\/2025\\\/06\\\/Content-Slider-2.jpg\",\"title\":\"Modern Businesses Smart Logistics\"}}]}]},{\"type\":\"column\",\"props\":{\"image_position\":\"center-center\",\"position_sticky_breakpoint\":\"m\",\"width_medium\":\"1-2\"},\"children\":[{\"type\":\"headline\",\"props\":{\"content\":\"International\",\"text_align\":\"left\",\"title_element\":\"h5\"}},{\"type\":\"headline\",\"props\":{\"content\":\"We simplify your shipping to Somalia\",\"margin_remove_top\":true,\"title_element\":\"h2\"}},{\"type\":\"image\",\"props\":{\"css\":\".el-image{\\n\\tcolor: var(--wg-color-primary) !important;\\n}\",\"image\":\"wp-content\\\/uploads\\\/2025\\\/06\\\/vehicle.svg\",\"image_svg_animate\":false,\"image_svg_color\":\"primary\",\"image_svg_inline\":true,\"margin\":\"default\",\"margin_remove_top\":false}},{\"type\":\"text\",\"props\":{\"column_breakpoint\":\"m\",\"content\":\"\n\n<p>We were founded with a clear goal: to make it easy and safe for people in Sweden to send things to their loved ones in Somalia. With several years of experience in boat shipping and a large network of contacts in the region, we offer reliable and affordable transport.<\\\/p>\",\"margin\":\"default\"}},{\"type\":\"grid\",\"props\":{\"content_column_breakpoint\":\"m\",\"content_margin\":\"small\",\"css\":\".el-title{\\n\\tfont-size: 20px;\\n    font-weight: bold;\\n}\",\"filter_align\":\"left\",\"filter_all\":true,\"filter_grid_breakpoint\":\"m\",\"filter_grid_width\":\"auto\",\"filter_position\":\"top\",\"filter_style\":\"tab\",\"grid_default\":\"1\",\"grid_medium\":\"2\",\"icon_width\":80,\"image_align\":\"left\",\"image_grid_breakpoint\":\"\",\"image_grid_column_gap\":\"medium\",\"image_grid_width\":\"auto\",\"image_height\":30,\"image_svg_color\":\"emphasis\",\"image_svg_inline\":true,\"image_width\":30,\"item_animation\":true,\"lightbox_bg_close\":true,\"link_style\":\"default\",\"link_text\":\"Read more\",\"margin\":\"default\",\"meta_align\":\"below-title\",\"meta_element\":\"div\",\"meta_style\":\"text-meta\",\"show_content\":true,\"show_hover_image\":true,\"show_hover_video\":true,\"show_image\":true,\"show_link\":true,\"show_meta\":true,\"show_title\":true,\"show_video\":true,\"title_align\":\"top\",\"title_element\":\"h4\",\"title_grid_breakpoint\":\"m\",\"title_grid_width\":\"1-2\",\"title_hover_style\":\"reset\"},\"children\":[{\"type\":\"grid_item\",\"props\":{\"content\":\"\",\"image\":\"wp-content\\\/uploads\\\/2025\\\/06\\\/checkmark.svg\",\"title\":\"Reliability\"}},{\"type\":\"grid_item\",\"props\":{\"content\":\"\",\"image\":\"wp-content\\\/uploads\\\/2025\\\/06\\\/checkmark.svg\",\"title\":\"Clear communication\"}},{\"type\":\"grid_item\",\"props\":{\"content\":\"\",\"image\":\"wp-content\\\/uploads\\\/2025\\\/06\\\/checkmark.svg\",\"title\":\"Customer-oriented service\"}},{\"type\":\"grid_item\",\"props\":{\"content\":\"\",\"image\":\"wp-content\\\/uploads\\\/2025\\\/06\\\/checkmark.svg\",\"title\":\"Safe deliveries\"}}]},{\"type\":\"fragment\",\"props\":{\"margin\":\"large\"},\"children\":[{\"type\":\"row\",\"props\":{\"layout\":\"1-2,1-2\"},\"children\":[{\"type\":\"column\",\"props\":{\"image_position\":\"center-center\",\"position_sticky_breakpoint\":\"m\",\"width_medium\":\"auto\"},\"children\":[{\"type\":\"panel\",\"props\":{\"block_align\":\"center\",\"content_column_breakpoint\":\"m\",\"icon_width\":80,\"image\":\"wp-content\\\/uploads\\\/2025\\\/06\\\/phone.svg\",\"image_align\":\"left\",\"image_grid_breakpoint\":\"\",\"image_grid_column_gap\":\"medium\",\"image_grid_width\":\"auto\",\"image_height\":30,\"image_svg_color\":\"emphasis\",\"image_svg_inline\":true,\"image_vertical_align\":true,\"image_width\":30,\"link\":\"tel:+00123456789\",\"link_style\":\"default\",\"link_text\":\"\",\"margin\":\"default\",\"meta\":\"Phone Number\",\"meta_align\":\"above-title\",\"meta_element\":\"div\",\"meta_style\":\"text-small\",\"text_align_fallback\":\"center\",\"title\":\"0700456278\",\"title_align\":\"top\",\"title_element\":\"div\",\"title_grid_breakpoint\":\"m\",\"title_grid_width\":\"1-2\",\"title_hover_style\":\"reset\",\"title_link\":true,\"title_margin\":\"remove\"}}]},{\"type\":\"column\",\"props\":{\"image_position\":\"center-center\",\"position_sticky_breakpoint\":\"m\",\"width_default\":\"expand\",\"width_medium\":\"expand\"}}]}]}]}]}],\"name\":\"om oss\"}],\"version\":\"4.5.20\"} --><\/p>","protected":false},"excerpt":{"rendered":"<p>P\u00e5litlig frakt och leveranskedja Se porttitor lectus nibh. Mauris blandit aliquet elit, eget tincidunt nibh pulvinar a. Vestibulum ante ipsum primis in faucibus Praesent sapien massa. Freight And Logistics Management Praesent sapien massa, convallis a pellentesque nec, egestas non nisi. Pellentesque in ipsum id orci porta dapibus. Curabitur aliquet quam. Sed porttitor lectus nibh. [\u2026]<\/p>","protected":false},"author":1,"featured_media":0,"parent":0,"menu_order":0,"comment_status":"closed","ping_status":"closed","template":"","meta":{"footnotes":""},"class_list":["post-12","page","type-page","status-publish","hentry"],"yoast_head":"<!-- This site is optimized with the Yoast SEO plugin v25.3.1 - https:\/\/yoast.com\/wordpress\/plugins\/seo\/ -->\n<title>About Us - Sfreight<\/title>\n<meta name=\"robots\" content=\"index, follow, max-snippet:-1, max-image-preview:large, max-video-preview:-1\" \/>\n<link rel=\"canonical\" href=\"https:\/\/iftiincargo.com\/sv\/about-us\/\" \/>\n<meta property=\"og:locale\" content=\"sv_SE\" \/>\n<meta property=\"og:type\" content=\"article\" \/>\n<meta property=\"og:title\" content=\"About Us - Sfreight\" \/>\n<meta property=\"og:description\" content=\"Reliable Shipping And Supply Chain Sed porttitor lectus nibh. Mauris blandit aliquet elit, eget tincidunt nibh pulvinar a. Vestibulum ante ipsum primis in faucibus Praesent sapien massa. Freight And Logistics Management Praesent sapien massa, convallis a pellentesque nec, egestas non nisi. Pellentesque in ipsum id orci porta dapibus. Curabitur aliquet quam. Sed porttitor lectus nibh. [&hellip;]\" \/>\n<meta property=\"og:url\" content=\"https:\/\/iftiincargo.com\/sv\/about-us\/\" \/>\n<meta property=\"og:site_name\" content=\"Sfreight\" \/>\n<meta property=\"article:modified_time\" content=\"2025-09-25T16:02:38+00:00\" \/>\n<meta name=\"twitter:card\" content=\"summary_large_image\" \/>\n<meta name=\"twitter:label1\" content=\"Ber\u00e4knad l\u00e4stid\" \/>\n\t<meta name=\"twitter:data1\" content=\"1 minut\" \/>\n<script type=\"application\/ld+json\" class=\"yoast-schema-graph\">{\"@context\":\"https:\/\/schema.org\",\"@graph\":[{\"@type\":\"WebPage\",\"@id\":\"https:\/\/iftiincargo.com\/about-us\/\",\"url\":\"https:\/\/iftiincargo.com\/about-us\/\",\"name\":\"About Us - Sfreight\",\"isPartOf\":{\"@id\":\"https:\/\/iftiincargo.com\/#website\"},\"datePublished\":\"2025-06-10T12:47:47+00:00\",\"dateModified\":\"2025-09-25T16:02:38+00:00\",\"breadcrumb\":{\"@id\":\"https:\/\/iftiincargo.com\/about-us\/#breadcrumb\"},\"inLanguage\":\"sv-SE\",\"potentialAction\":[{\"@type\":\"ReadAction\",\"target\":[\"https:\/\/iftiincargo.com\/about-us\/\"]}]},{\"@type\":\"BreadcrumbList\",\"@id\":\"https:\/\/iftiincargo.com\/about-us\/#breadcrumb\",\"itemListElement\":[{\"@type\":\"ListItem\",\"position\":1,\"name\":\"Hem\",\"item\":\"https:\/\/iftiincargo.com\/\"},{\"@type\":\"ListItem\",\"position\":2,\"name\":\"About Us\"}]},{\"@type\":\"WebSite\",\"@id\":\"https:\/\/iftiincargo.com\/#website\",\"url\":\"https:\/\/iftiincargo.com\/\",\"name\":\"Somalifrakt.se\",\"description\":\"\",\"publisher\":{\"@id\":\"https:\/\/iftiincargo.com\/#organization\"},\"potentialAction\":[{\"@type\":\"SearchAction\",\"target\":{\"@type\":\"EntryPoint\",\"urlTemplate\":\"https:\/\/iftiincargo.com\/?s={search_term_string}\"},\"query-input\":{\"@type\":\"PropertyValueSpecification\",\"valueRequired\":true,\"valueName\":\"search_term_string\"}}],\"inLanguage\":\"sv-SE\"},{\"@type\":\"Organization\",\"@id\":\"https:\/\/iftiincargo.com\/#organization\",\"name\":\"Somali frakt\",\"url\":\"https:\/\/iftiincargo.com\/\",\"logo\":{\"@type\":\"ImageObject\",\"inLanguage\":\"sv-SE\",\"@id\":\"https:\/\/iftiincargo.com\/#\/schema\/logo\/image\/\",\"url\":\"https:\/\/iftiincargo.com\/wp-content\/uploads\/2025\/06\/somalifrak.se-logo-orange-text.png\",\"contentUrl\":\"https:\/\/iftiincargo.com\/wp-content\/uploads\/2025\/06\/somalifrak.se-logo-orange-text.png\",\"width\":1044,\"height\":758,\"caption\":\"Somali frakt\"},\"image\":{\"@id\":\"https:\/\/iftiincargo.com\/#\/schema\/logo\/image\/\"}}]}<\/script>\n<!-- \/ Yoast SEO plugin. -->","yoast_head_json":{"title":"Om oss - Sfrakt","robots":{"index":"index","follow":"follow","max-snippet":"max-snippet:-1","max-image-preview":"max-image-preview:large","max-video-preview":"max-video-preview:-1"},"canonical":"https:\/\/iftiincargo.com\/sv\/about-us\/","og_locale":"sv_SE","og_type":"article","og_title":"About Us - Sfreight","og_description":"Reliable Shipping And Supply Chain Sed porttitor lectus nibh. Mauris blandit aliquet elit, eget tincidunt nibh pulvinar a. Vestibulum ante ipsum primis in faucibus Praesent sapien massa. Freight And Logistics Management Praesent sapien massa, convallis a pellentesque nec, egestas non nisi. Pellentesque in ipsum id orci porta dapibus. Curabitur aliquet quam. Sed porttitor lectus nibh. [&hellip;]","og_url":"https:\/\/iftiincargo.com\/sv\/about-us\/","og_site_name":"Sfreight","article_modified_time":"2025-09-25T16:02:38+00:00","twitter_card":"summary_large_image","twitter_misc":{"Ber\u00e4knad l\u00e4stid":"1 minut"},"schema":{"@context":"https:\/\/schema.org","@graph":[{"@type":"WebPage","@id":"https:\/\/iftiincargo.com\/about-us\/","url":"https:\/\/iftiincargo.com\/about-us\/","name":"Om oss - Sfrakt","isPartOf":{"@id":"https:\/\/iftiincargo.com\/#website"},"datePublished":"2025-06-10T12:47:47+00:00","dateModified":"2025-09-25T16:02:38+00:00","breadcrumb":{"@id":"https:\/\/iftiincargo.com\/about-us\/#breadcrumb"},"inLanguage":"sv-SE","potentialAction":[{"@type":"ReadAction","target":["https:\/\/iftiincargo.com\/about-us\/"]}]},{"@type":"BreadcrumbList","@id":"https:\/\/iftiincargo.com\/about-us\/#breadcrumb","itemListElement":[{"@type":"ListItem","position":1,"name":"Hem","item":"https:\/\/iftiincargo.com\/"},{"@type":"ListItem","position":2,"name":"About Us"}]},{"@type":"WebSite","@id":"https:\/\/iftiincargo.com\/#website","url":"https:\/\/iftiincargo.com\/","name":"Somalifrakt.se","description":"","publisher":{"@id":"https:\/\/iftiincargo.com\/#organization"},"potentialAction":[{"@type":"SearchAction","target":{"@type":"EntryPoint","urlTemplate":"https:\/\/iftiincargo.com\/?s={search_term_string}"},"query-input":{"@type":"PropertyValueSpecification","valueRequired":true,"valueName":"search_term_string"}}],"inLanguage":"sv-SE"},{"@type":"Organization","@id":"https:\/\/iftiincargo.com\/#organization","name":"Somalisk frakt","url":"https:\/\/iftiincargo.com\/","logo":{"@type":"ImageObject","inLanguage":"sv-SE","@id":"https:\/\/iftiincargo.com\/#\/schema\/logo\/image\/","url":"https:\/\/iftiincargo.com\/wp-content\/uploads\/2025\/06\/somalifrak.se-logo-orange-text.png","contentUrl":"https:\/\/iftiincargo.com\/wp-content\/uploads\/2025\/06\/somalifrak.se-logo-orange-text.png","width":1044,"height":758,"caption":"Somali frakt"},"image":{"@id":"https:\/\/iftiincargo.com\/#\/schema\/logo\/image\/"}}]}},"_links":{"self":[{"href":"https:\/\/iftiincargo.com\/sv\/wp-json\/wp\/v2\/pages\/12","targetHints":{"allow":["GET"]}}],"collection":[{"href":"https:\/\/iftiincargo.com\/sv\/wp-json\/wp\/v2\/pages"}],"about":[{"href":"https:\/\/iftiincargo.com\/sv\/wp-json\/wp\/v2\/types\/page"}],"author":[{"embeddable":true,"href":"https:\/\/iftiincargo.com\/sv\/wp-json\/wp\/v2\/users\/1"}],"replies":[{"embeddable":true,"href":"https:\/\/iftiincargo.com\/sv\/wp-json\/wp\/v2\/comments?post=12"}],"version-history":[{"count":0,"href":"https:\/\/iftiincargo.com\/sv\/wp-json\/wp\/v2\/pages\/12\/revisions"}],"wp:attachment":[{"href":"https:\/\/iftiincargo.com\/sv\/wp-json\/wp\/v2\/media?parent=12"}],"curies":[{"name":"wp","href":"https:\/\/api.w.org\/{rel}","templated":true}]}}