{"id":14,"date":"2025-06-10T13:48:00","date_gmt":"2025-06-10T12:48:00","guid":{"rendered":"https:\/\/sfreight.webgiantdemo.se\/?page_id=14"},"modified":"2025-07-25T15:06:35","modified_gmt":"2025-07-25T14:06:35","slug":"contact-us","status":"publish","type":"page","link":"https:\/\/iftiincargo.com\/sv\/contact-us\/","title":{"rendered":"Kontakta oss"},"content":{"rendered":"<h5>iftiincargo.com<\/h5>\n<h2>Kontakta oss<br \/>\nvi hj\u00e4lper dig g\u00e4rna<\/h2>\n<p><img decoding=\"async\" src=\"\/wp-content\/uploads\/2025\/06\/vehicle.svg\" alt=\"\"><\/p>\n<div>\n<p>Har du fr\u00e5gor om frakt till Somalia? Vill du f\u00e5 en offert, boka en upph\u00e4mtning eller bara veta mer? Kontakta oss \u2013 vi finns h\u00e4r f\u00f6r att hj\u00e4lpa dig varje steg p\u00e5 v\u00e4gen.<\/p>\n<\/div>\n<div><p class=\"wpcf7-contact-form-not-found\"><strong>Fel:<\/strong> Kontaktformul\u00e4r finns inte.<\/p><\/div>\n<p><!--more--><br \/>\n<!-- {\"type\":\"layout\",\"children\":[{\"type\":\"section\",\"props\":{\"image_position\":\"center-center\",\"padding\":\"none\",\"padding_remove_horizontal\":true,\"style\":\"muted\",\"title_breakpoint\":\"xl\",\"title_position\":\"top-left\",\"title_rotation\":\"left\",\"vertical_align\":\"middle\",\"width\":\"\"},\"children\":[{\"type\":\"row\",\"props\":{\"column_gap\":\"collapse\",\"layout\":\"3-5,2-5\",\"row_gap\":\"collapse\"},\"children\":[{\"type\":\"column\",\"props\":{\"image\":\"wp-content\\\/uploads\\\/2025\\\/06\\\/Filler-with-form-bg.png\",\"image_position\":\"center-center\",\"image_size\":\"cover\",\"media_overlay\":\"rgba(239, 239, 239, 0.98)\",\"padding\":\"large\",\"position_sticky_breakpoint\":\"m\",\"style\":\"tile-muted\",\"vertical_align\":\"middle\",\"width_medium\":\"3-5\"},\"children\":[{\"type\":\"headline\",\"props\":{\"content\":\"iftiincargo.com\",\"text_align\":\"left\",\"title_element\":\"h5\"}},{\"type\":\"headline\",\"props\":{\"content\":\"Contact us<br\\\/>\\nwe will be happy to help you\",\"margin_remove_top\":true,\"title_element\":\"h2\"}},{\"type\":\"image\",\"props\":{\"image\":\"wp-content\\\/uploads\\\/2025\\\/06\\\/vehicle.svg\",\"image_svg_animate\":false,\"image_svg_color\":\"primary\",\"image_svg_inline\":true,\"margin\":\"default\",\"margin_remove_top\":false}},{\"type\":\"text\",\"props\":{\"column_breakpoint\":\"m\",\"content\":\"\n\n<p>Do you have questions about shipping to Somalia? Would you like to get a quote, book a pickup or just want to know more? Get in touch \\u2013 we are here to help you every step of the way.<\\\/p>\",\"margin\":\"default\",\"maxwidth\":\"2xlarge\"}},{\"type\":\"text\",\"props\":{\"column_breakpoint\":\"m\",\"content\":\"[contact-form-7 id=\\\"24af64f\\\" title=\\\"Get A Quote\\\"]\",\"margin\":\"default\"}}]},{\"type\":\"column\",\"props\":{\"image\":\"wp-content\\\/uploads\\\/2025\\\/06\\\/Home-1-banner-bg-1.jpg\",\"image_position\":\"center-center\",\"image_size\":\"cover\",\"padding\":\"large\",\"position_sticky_breakpoint\":\"m\",\"style\":\"tile-default\",\"width_medium\":\"2-5\"}}]}],\"name\":\"Get A Quote\"}],\"version\":\"4.5.20\"} --><\/p>","protected":false},"excerpt":{"rendered":"<p>iftiincargo.com Contact us we will be happy to help you Do you have questions about shipping to Somalia? Would you like to get a quote, book a pickup or just want to know more? Get in touch \u2013 we are here to help you every step of the way.<\/p>","protected":false},"author":1,"featured_media":0,"parent":0,"menu_order":0,"comment_status":"closed","ping_status":"closed","template":"","meta":{"footnotes":""},"class_list":["post-14","page","type-page","status-publish","hentry"],"yoast_head":"<!-- This site is optimized with the Yoast SEO plugin v25.3.1 - https:\/\/yoast.com\/wordpress\/plugins\/seo\/ -->\n<title>Contact Us - Sfreight<\/title>\n<meta name=\"robots\" content=\"index, follow, max-snippet:-1, max-image-preview:large, max-video-preview:-1\" \/>\n<link rel=\"canonical\" href=\"https:\/\/iftiincargo.com\/sv\/contact-us\/\" \/>\n<meta property=\"og:locale\" content=\"sv_SE\" \/>\n<meta property=\"og:type\" content=\"article\" \/>\n<meta property=\"og:title\" content=\"Contact Us - Sfreight\" \/>\n<meta property=\"og:description\" content=\"iftiincargo.com Contact us we will be happy to help you Do you have questions about shipping to Somalia? Would you like to get a quote, book a pickup or just want to know more? Get in touch \u2013 we are here to help you every step of the way.\" \/>\n<meta property=\"og:url\" content=\"https:\/\/iftiincargo.com\/sv\/contact-us\/\" \/>\n<meta property=\"og:site_name\" content=\"Sfreight\" \/>\n<meta property=\"article:modified_time\" content=\"2025-07-25T14:06:35+00:00\" \/>\n<meta name=\"twitter:card\" content=\"summary_large_image\" \/>\n<script type=\"application\/ld+json\" class=\"yoast-schema-graph\">{\"@context\":\"https:\/\/schema.org\",\"@graph\":[{\"@type\":\"WebPage\",\"@id\":\"https:\/\/iftiincargo.com\/contact-us\/\",\"url\":\"https:\/\/iftiincargo.com\/contact-us\/\",\"name\":\"Contact Us - Sfreight\",\"isPartOf\":{\"@id\":\"https:\/\/iftiincargo.com\/#website\"},\"datePublished\":\"2025-06-10T12:48:00+00:00\",\"dateModified\":\"2025-07-25T14:06:35+00:00\",\"breadcrumb\":{\"@id\":\"https:\/\/iftiincargo.com\/contact-us\/#breadcrumb\"},\"inLanguage\":\"sv-SE\",\"potentialAction\":[{\"@type\":\"ReadAction\",\"target\":[\"https:\/\/iftiincargo.com\/contact-us\/\"]}]},{\"@type\":\"BreadcrumbList\",\"@id\":\"https:\/\/iftiincargo.com\/contact-us\/#breadcrumb\",\"itemListElement\":[{\"@type\":\"ListItem\",\"position\":1,\"name\":\"Hem\",\"item\":\"https:\/\/iftiincargo.com\/\"},{\"@type\":\"ListItem\",\"position\":2,\"name\":\"Contact Us\"}]},{\"@type\":\"WebSite\",\"@id\":\"https:\/\/iftiincargo.com\/#website\",\"url\":\"https:\/\/iftiincargo.com\/\",\"name\":\"Somalifrakt.se\",\"description\":\"\",\"publisher\":{\"@id\":\"https:\/\/iftiincargo.com\/#organization\"},\"potentialAction\":[{\"@type\":\"SearchAction\",\"target\":{\"@type\":\"EntryPoint\",\"urlTemplate\":\"https:\/\/iftiincargo.com\/?s={search_term_string}\"},\"query-input\":{\"@type\":\"PropertyValueSpecification\",\"valueRequired\":true,\"valueName\":\"search_term_string\"}}],\"inLanguage\":\"sv-SE\"},{\"@type\":\"Organization\",\"@id\":\"https:\/\/iftiincargo.com\/#organization\",\"name\":\"Somali frakt\",\"url\":\"https:\/\/iftiincargo.com\/\",\"logo\":{\"@type\":\"ImageObject\",\"inLanguage\":\"sv-SE\",\"@id\":\"https:\/\/iftiincargo.com\/#\/schema\/logo\/image\/\",\"url\":\"https:\/\/iftiincargo.com\/wp-content\/uploads\/2025\/06\/somalifrak.se-logo-orange-text.png\",\"contentUrl\":\"https:\/\/iftiincargo.com\/wp-content\/uploads\/2025\/06\/somalifrak.se-logo-orange-text.png\",\"width\":1044,\"height\":758,\"caption\":\"Somali frakt\"},\"image\":{\"@id\":\"https:\/\/iftiincargo.com\/#\/schema\/logo\/image\/\"}}]}<\/script>\n<!-- \/ Yoast SEO plugin. -->","yoast_head_json":{"title":"Contact Us - Sfreight","robots":{"index":"index","follow":"follow","max-snippet":"max-snippet:-1","max-image-preview":"max-image-preview:large","max-video-preview":"max-video-preview:-1"},"canonical":"https:\/\/iftiincargo.com\/sv\/contact-us\/","og_locale":"sv_SE","og_type":"article","og_title":"Contact Us - Sfreight","og_description":"iftiincargo.com Contact us we will be happy to help you Do you have questions about shipping to Somalia? Would you like to get a quote, book a pickup or just want to know more? Get in touch \u2013 we are here to help you every step of the way.","og_url":"https:\/\/iftiincargo.com\/sv\/contact-us\/","og_site_name":"Sfreight","article_modified_time":"2025-07-25T14:06:35+00:00","twitter_card":"summary_large_image","schema":{"@context":"https:\/\/schema.org","@graph":[{"@type":"WebPage","@id":"https:\/\/iftiincargo.com\/contact-us\/","url":"https:\/\/iftiincargo.com\/contact-us\/","name":"Contact Us - Sfreight","isPartOf":{"@id":"https:\/\/iftiincargo.com\/#website"},"datePublished":"2025-06-10T12:48:00+00:00","dateModified":"2025-07-25T14:06:35+00:00","breadcrumb":{"@id":"https:\/\/iftiincargo.com\/contact-us\/#breadcrumb"},"inLanguage":"sv-SE","potentialAction":[{"@type":"ReadAction","target":["https:\/\/iftiincargo.com\/contact-us\/"]}]},{"@type":"BreadcrumbList","@id":"https:\/\/iftiincargo.com\/contact-us\/#breadcrumb","itemListElement":[{"@type":"ListItem","position":1,"name":"Hem","item":"https:\/\/iftiincargo.com\/"},{"@type":"ListItem","position":2,"name":"Contact Us"}]},{"@type":"WebSite","@id":"https:\/\/iftiincargo.com\/#website","url":"https:\/\/iftiincargo.com\/","name":"Somalifrakt.se","description":"","publisher":{"@id":"https:\/\/iftiincargo.com\/#organization"},"potentialAction":[{"@type":"SearchAction","target":{"@type":"EntryPoint","urlTemplate":"https:\/\/iftiincargo.com\/?s={search_term_string}"},"query-input":{"@type":"PropertyValueSpecification","valueRequired":true,"valueName":"search_term_string"}}],"inLanguage":"sv-SE"},{"@type":"Organization","@id":"https:\/\/iftiincargo.com\/#organization","name":"Somalisk frakt","url":"https:\/\/iftiincargo.com\/","logo":{"@type":"ImageObject","inLanguage":"sv-SE","@id":"https:\/\/iftiincargo.com\/#\/schema\/logo\/image\/","url":"https:\/\/iftiincargo.com\/wp-content\/uploads\/2025\/06\/somalifrak.se-logo-orange-text.png","contentUrl":"https:\/\/iftiincargo.com\/wp-content\/uploads\/2025\/06\/somalifrak.se-logo-orange-text.png","width":1044,"height":758,"caption":"Somali frakt"},"image":{"@id":"https:\/\/iftiincargo.com\/#\/schema\/logo\/image\/"}}]}},"_links":{"self":[{"href":"https:\/\/iftiincargo.com\/sv\/wp-json\/wp\/v2\/pages\/14","targetHints":{"allow":["GET"]}}],"collection":[{"href":"https:\/\/iftiincargo.com\/sv\/wp-json\/wp\/v2\/pages"}],"about":[{"href":"https:\/\/iftiincargo.com\/sv\/wp-json\/wp\/v2\/types\/page"}],"author":[{"embeddable":true,"href":"https:\/\/iftiincargo.com\/sv\/wp-json\/wp\/v2\/users\/1"}],"replies":[{"embeddable":true,"href":"https:\/\/iftiincargo.com\/sv\/wp-json\/wp\/v2\/comments?post=14"}],"version-history":[{"count":0,"href":"https:\/\/iftiincargo.com\/sv\/wp-json\/wp\/v2\/pages\/14\/revisions"}],"wp:attachment":[{"href":"https:\/\/iftiincargo.com\/sv\/wp-json\/wp\/v2\/media?parent=14"}],"curies":[{"name":"wp","href":"https:\/\/api.w.org\/{rel}","templated":true}]}}