{"id":8,"date":"2025-06-10T13:47:30","date_gmt":"2025-06-10T12:47:30","guid":{"rendered":"https:\/\/sfreight.webgiantdemo.se\/?page_id=8"},"modified":"2025-07-25T15:02:17","modified_gmt":"2025-07-25T14:02:17","slug":"services","status":"publish","type":"page","link":"https:\/\/iftiincargo.com\/sv\/services\/","title":{"rendered":"Tj\u00e4nster"},"content":{"rendered":"<h5>V\u00e5ra tj\u00e4nster<\/h5>\n<h2>Logistik och transport.<\/h2>\n<p><img decoding=\"async\" src=\"\/wp-content\/uploads\/2025\/06\/vehicle.svg\" alt=\"\"><\/p>\n<p><p>\n        <a href=\"\/services\/\">Se alla tj\u00e4nster<\/a>\n    <\/p>\n<\/p>\n<div>\n<p>        <img decoding=\"async\" src=\"\/wp-content\/uploads\/2025\/06\/Home-1-Interactive-Hd-Img-1.png\" alt=\"\"><\/p>\n<h3>Frakt av personliga tillh\u00f6righeter.<\/h3>\n<div>\n<p data-start=\"613\" data-end=\"751\">Skicka kl\u00e4der, skor, elektronik och andra personliga saker till dina n\u00e4ra och k\u00e4ra i Somalia.<\/p>\n<\/div>\n<\/div>\n<div>\n<p>        <img decoding=\"async\" src=\"\/wp-content\/uploads\/2025\/06\/Home-1-Interactive-Hd-Img-2.png\" alt=\"\"><\/p>\n<h3>Transport av stora varor<\/h3>\n<div>\n<p>Vi hanterar m\u00f6bler, vitvaror, cyklar och andra st\u00f6rre f\u00f6rem\u00e5l med omsorg och precision.<\/p>\n<\/div>\n<p><a href=\"#\">L\u00e4s mer<\/a><\/p>\n<\/div>\n<div>\n<p>        <img decoding=\"async\" src=\"\/wp-content\/uploads\/2025\/06\/Home-1-Interactive-Hd-Img-3.png\" alt=\"\"><\/p>\n<h3>Specialtransporter<\/h3>\n<div>\n<p>Beh\u00f6ver du skicka n\u00e5got extra k\u00e4nsligt eller v\u00e4rdefullt? Vi erbjuder skr\u00e4ddarsydda l\u00f6sningar.<\/p>\n<\/div>\n<p><a href=\"#\">L\u00e4s mer<\/a><\/p>\n<\/div>\n<div>\n<p>        <img decoding=\"async\" src=\"\/wp-content\/uploads\/2025\/06\/Home-1-Interactive-Hd-Img-2.png\" alt=\"\"><\/p>\n<h3>Upph\u00e4mtning och packning<\/h3>\n<div>\n<p>Vi kan h\u00e4mta dina varor direkt fr\u00e5n din d\u00f6rr och ser till att de \u00e4r ordentligt f\u00f6rpackade f\u00f6r sj\u00f6transport.<\/p>\n<\/div>\n<p><a href=\"#\">L\u00e4s mer<\/a><\/p>\n<\/div>\n<ul>\n<li>\n<p>        <img decoding=\"async\" src=\"\/wp-content\/uploads\/2025\/06\/Interactive-Slider-4.jpg\" alt=\"\"><\/p>\n<\/li>\n<li>\n<p>        <img decoding=\"async\" src=\"\/wp-content\/uploads\/2025\/06\/Interactive_5.jpg\" alt=\"\"><\/p>\n<h3>Interaktiv_5<\/h3>\n<\/li>\n<li>\n<p>        <img decoding=\"async\" src=\"\/wp-content\/uploads\/2025\/06\/Interactive_4.jpg\" alt=\"\"><\/p>\n<h3>Interaktiv_4<\/h3>\n<\/li>\n<li>\n<p>        <img decoding=\"async\" src=\"\/wp-content\/uploads\/2025\/06\/Screenshot_20250528-124908.jpg\" alt=\"\"><\/p>\n<h3>Interaktiv-Slider-2<\/h3>\n<\/li>\n<li>\n<p>        <img decoding=\"async\" src=\"\/wp-content\/uploads\/2025\/06\/Interactive-Slider-3.jpg\" alt=\"\"><\/p>\n<h3>Interaktiv-Slider-3<\/h3>\n<\/li>\n<\/ul>\n<p><!--more--><br \/>\n<!-- {\"type\":\"layout\",\"children\":[{\"type\":\"section\",\"props\":{\"height_viewport\":90,\"id\":\"Tj\\u00e4nster\",\"image_position\":\"center-center\",\"padding\":\"none\",\"padding_remove_horizontal\":true,\"style\":\"muted\",\"title_breakpoint\":\"xl\",\"title_position\":\"top-left\",\"title_rotation\":\"left\",\"vertical_align\":\"middle\",\"width\":\"large\",\"width_expand\":\"right\"},\"children\":[{\"type\":\"row\",\"props\":{\"column_gap\":\"large\",\"css\":\"@media screen and (min-width: 980px){\\n    .el-row .wg-acc__panel{\\n        margin-right: -70px;\\n    }\\n}\",\"height\":\"viewport\",\"height_offset_top\":true,\"height_viewport\":100,\"layout\":\"1-4,1-4,1-2|1-2,1-2,1-1\",\"row_gap\":\"collapse\",\"width_expand\":\"right\"},\"children\":[{\"type\":\"column\",\"props\":{\"css\":\"@media screen and (max-width: 767px){\\n    .el-column{\\n        padding: 40px 20px 40px 60px;\\n    }\\n    .el-column > div{\\n\\t\\tmin-height: auto !important ;\\n    }\\n}\",\"image_position\":\"center-center\",\"position_sticky_breakpoint\":\"m\",\"vertical_align\":\"middle\",\"width_medium\":\"1-5\"},\"children\":[{\"type\":\"headline\",\"props\":{\"content\":\"Our Services\",\"text_align\":\"left\",\"title_element\":\"h5\"}},{\"type\":\"headline\",\"props\":{\"content\":\"Logistics and transportation.\",\"margin_remove_top\":true,\"title_element\":\"h2\"}},{\"type\":\"image\",\"props\":{\"image\":\"wp-content\\\/uploads\\\/2025\\\/06\\\/vehicle.svg\",\"image_svg_color\":\"primary\",\"image_svg_inline\":true,\"margin\":\"default\",\"margin_remove_top\":false}},{\"type\":\"button\",\"props\":{\"grid_column_gap\":\"small\",\"grid_row_gap\":\"small\",\"margin\":\"medium\"},\"children\":[{\"type\":\"button_item\",\"props\":{\"button_style\":\"primary\",\"content\":\"See All Services\",\"dialog_layout\":\"modal\",\"dialog_offcanvas_flip\":true,\"icon_align\":\"left\",\"link\":\"services\\\/\"}}]}]},{\"type\":\"column\",\"props\":{\"image_position\":\"center-center\",\"position_sticky_breakpoint\":\"m\",\"vertical_align\":\"middle\",\"width_medium\":\"1-3\"},\"children\":[{\"type\":\"panel\",\"props\":{\"attributes\":\"data-slide-idx=0\\ndata-slide-target=wg_slide_1\",\"class\":\"wg-acc__panel\",\"content\":\"\n\n<p data-start=\\\"613\\\" data-end=\\\"751\\\">Skicka kl\\u00e4der, skor, elektronik och andra personliga saker till dina n\\u00e4ra och k\\u00e4ra i Somalia.<\\\/p>\",\"content_column_breakpoint\":\"m\",\"content_margin\":\"small\",\"icon_width\":80,\"image\":\"wp-content\\\/uploads\\\/2025\\\/06\\\/Home-1-Interactive-Hd-Img-1.png\",\"image_align\":\"left\",\"image_grid_breakpoint\":\"m\",\"image_grid_column_gap\":\"medium\",\"image_grid_width\":\"auto\",\"image_height\":40,\"image_svg_color\":\"emphasis\",\"image_width\":40,\"link_margin\":\"small\",\"link_style\":\"link-text\",\"link_text\":\"Learn More\",\"margin\":\"default\",\"meta\":\"\",\"meta_align\":\"below-title\",\"meta_element\":\"div\",\"meta_style\":\"text-meta\",\"panel_padding\":\"small\",\"panel_style\":\"tile-muted\",\"title\":\"Shipping of personal belongings.\",\"title_align\":\"top\",\"title_element\":\"h3\",\"title_grid_breakpoint\":\"m\",\"title_grid_width\":\"1-2\",\"title_hover_style\":\"reset\"}},{\"type\":\"panel\",\"props\":{\"attributes\":\"data-slide-idx=1\\ndata-slide-target=wg_slide_1\",\"class\":\"wg-acc__panel\",\"content\":\"\n\n<p>We handle furniture, appliances, bicycles and other larger items with care and precision.<\\\/p>\",\"content_column_breakpoint\":\"m\",\"content_margin\":\"small\",\"icon_width\":80,\"image\":\"wp-content\\\/uploads\\\/2025\\\/06\\\/Home-1-Interactive-Hd-Img-2.png\",\"image_align\":\"left\",\"image_grid_breakpoint\":\"m\",\"image_grid_column_gap\":\"medium\",\"image_grid_width\":\"auto\",\"image_height\":40,\"image_svg_color\":\"emphasis\",\"image_width\":40,\"link\":\"#\",\"link_margin\":\"small\",\"link_style\":\"link-text\",\"link_text\":\"Learn More\",\"margin\":\"default\",\"meta\":\"\",\"meta_align\":\"below-title\",\"meta_element\":\"div\",\"meta_style\":\"text-meta\",\"panel_padding\":\"small\",\"panel_style\":\"tile-muted\",\"title\":\"Transport of large goods\",\"title_align\":\"top\",\"title_element\":\"h3\",\"title_grid_breakpoint\":\"m\",\"title_grid_width\":\"1-2\",\"title_hover_style\":\"reset\"}},{\"type\":\"panel\",\"props\":{\"attributes\":\"data-slide-idx=2\\ndata-slide-target=wg_slide_1\",\"class\":\"wg-acc__panel\",\"content\":\"\n\n<p>Do you need to send something extra sensitive or valuable? We offer tailor-made solutions.<\\\/p>\",\"content_column_breakpoint\":\"m\",\"content_margin\":\"small\",\"icon_width\":80,\"image\":\"wp-content\\\/uploads\\\/2025\\\/06\\\/Home-1-Interactive-Hd-Img-3.png\",\"image_align\":\"left\",\"image_grid_breakpoint\":\"m\",\"image_grid_column_gap\":\"medium\",\"image_grid_width\":\"auto\",\"image_height\":40,\"image_svg_color\":\"emphasis\",\"image_width\":40,\"link\":\"#\",\"link_margin\":\"small\",\"link_style\":\"link-text\",\"link_text\":\"Learn More\",\"margin\":\"default\",\"meta\":\"\",\"meta_align\":\"below-title\",\"meta_element\":\"div\",\"meta_style\":\"text-meta\",\"panel_padding\":\"small\",\"panel_style\":\"tile-muted\",\"title\":\"Special transports\",\"title_align\":\"top\",\"title_element\":\"h3\",\"title_grid_breakpoint\":\"m\",\"title_grid_width\":\"1-2\",\"title_hover_style\":\"reset\"}},{\"type\":\"panel\",\"props\":{\"attributes\":\"data-slide-idx=3\\ndata-slide-target=wg_slide_1\",\"class\":\"wg-acc__panel\",\"content\":\"\n\n<p>We can pick up your items right from your door and make sure they are properly packaged for sea transport.<\\\/p>\",\"content_column_breakpoint\":\"m\",\"content_margin\":\"small\",\"icon_width\":80,\"image\":\"wp-content\\\/uploads\\\/2025\\\/06\\\/Home-1-Interactive-Hd-Img-2.png\",\"image_align\":\"left\",\"image_grid_breakpoint\":\"m\",\"image_grid_column_gap\":\"medium\",\"image_grid_width\":\"auto\",\"image_height\":40,\"image_svg_color\":\"emphasis\",\"image_width\":40,\"link\":\"#\",\"link_margin\":\"small\",\"link_style\":\"link-text\",\"link_text\":\"Learn More\",\"margin\":\"default\",\"meta\":\"\",\"meta_align\":\"below-title\",\"meta_element\":\"div\",\"meta_style\":\"text-meta\",\"panel_padding\":\"small\",\"panel_style\":\"tile-muted\",\"title\":\"Pickup and packaging\",\"title_align\":\"top\",\"title_element\":\"h3\",\"title_grid_breakpoint\":\"m\",\"title_grid_width\":\"1-2\",\"title_hover_style\":\"reset\"}}]},{\"type\":\"column\",\"props\":{\"css\":\"@media screen and (max-width: 767px){\\n    .el-column{\\n    \\tmin-height: 70vh;\\n    }\\n}\",\"image_position\":\"center-center\",\"image_size\":\"cover\",\"position_sticky_breakpoint\":\"m\",\"width_medium\":\"expand\"},\"children\":[{\"type\":\"slideshow\",\"props\":{\"height_expand\":true,\"id\":\"wg_slide_1\",\"link_style\":\"default\",\"link_text\":\"Read more\",\"margin\":\"default\",\"meta_align\":\"below-title\",\"meta_element\":\"div\",\"meta_style\":\"text-meta\",\"nav\":\"\",\"nav_align\":\"center\",\"nav_breakpoint\":\"s\",\"nav_position\":\"bottom-center\",\"nav_position_margin\":\"medium\",\"overlay_animation\":\"parallax\",\"overlay_position\":\"center-left\",\"show_content\":true,\"show_link\":false,\"show_meta\":true,\"show_thumbnail\":false,\"show_title\":false,\"slidenav\":\"\",\"slidenav_breakpoint\":\"s\",\"slidenav_margin\":\"medium\",\"slidenav_outside_breakpoint\":\"xl\",\"slideshow_animation\":\"fade\",\"slideshow_autoplay_pause\":true,\"slideshow_min_height\":300,\"thumbnav_height\":\"75\",\"thumbnav_svg_color\":\"emphasis\",\"thumbnav_width\":\"100\",\"title_element\":\"h3\",\"title_hover_style\":\"reset\"},\"children\":[{\"type\":\"slideshow_item\",\"props\":{\"image\":\"wp-content\\\/uploads\\\/2025\\\/06\\\/Interactive-Slider-4.jpg\"}},{\"type\":\"slideshow_item\",\"props\":{\"image\":\"wp-content\\\/uploads\\\/2025\\\/06\\\/Interactive_5.jpg\",\"title\":\"Interactive_5\"}},{\"type\":\"slideshow_item\",\"props\":{\"image\":\"wp-content\\\/uploads\\\/2025\\\/06\\\/Interactive_4.jpg\",\"title\":\"Interactive_4\"}},{\"type\":\"slideshow_item\",\"props\":{\"image\":\"wp-content\\\/uploads\\\/2025\\\/06\\\/Screenshot_20250528-124908.jpg\",\"title\":\"Interactive-Slider-2\"}},{\"type\":\"slideshow_item\",\"props\":{\"image\":\"wp-content\\\/uploads\\\/2025\\\/06\\\/Interactive-Slider-3.jpg\",\"title\":\"Interactive-Slider-3\"}}]}]}]}],\"name\":\"Services EN\"}],\"version\":\"4.5.20\"} --><\/p>","protected":false},"excerpt":{"rendered":"<p>V\u00e5ra tj\u00e4nster Logistik och transport. Se Alla tj\u00e4nster Frakt av personliga tillh\u00f6righeter. Skicka kl\u00e4der, skor, elektronik och andra personliga saker till dina n\u00e4ra och k\u00e4ra i Somalia. Transport av st\u00f6rre gods Vi hanterar m\u00f6bler, vitvaror, cyklar och andra st\u00f6rre f\u00f6rem\u00e5l med omsorg och precision. L\u00e4s mer Specialtransporter Beh\u00f6ver du skicka n\u00e5got extra [\u2026]<\/p>","protected":false},"author":1,"featured_media":0,"parent":0,"menu_order":0,"comment_status":"closed","ping_status":"closed","template":"","meta":{"footnotes":""},"class_list":["post-8","page","type-page","status-publish","hentry"],"yoast_head":"<!-- This site is optimized with the Yoast SEO plugin v25.3.1 - https:\/\/yoast.com\/wordpress\/plugins\/seo\/ -->\n<title>Services - Sfreight<\/title>\n<meta name=\"robots\" content=\"index, follow, max-snippet:-1, max-image-preview:large, max-video-preview:-1\" \/>\n<link rel=\"canonical\" href=\"https:\/\/iftiincargo.com\/sv\/services\/\" \/>\n<meta property=\"og:locale\" content=\"sv_SE\" \/>\n<meta property=\"og:type\" content=\"article\" \/>\n<meta property=\"og:title\" content=\"Services - Sfreight\" \/>\n<meta property=\"og:description\" content=\"Our Services Logistics and transportation. See All Services Shipping of personal belongings. Skicka kl\u00e4der, skor, elektronik och andra personliga saker till dina n\u00e4ra och k\u00e4ra i Somalia. Transport of large goods We handle furniture, appliances, bicycles and other larger items with care and precision. Learn More Special transports Do you need to send something extra [&hellip;]\" \/>\n<meta property=\"og:url\" content=\"https:\/\/iftiincargo.com\/sv\/services\/\" \/>\n<meta property=\"og:site_name\" content=\"Sfreight\" \/>\n<meta property=\"article:modified_time\" content=\"2025-07-25T14:02:17+00:00\" \/>\n<meta name=\"twitter:card\" content=\"summary_large_image\" \/>\n<script type=\"application\/ld+json\" class=\"yoast-schema-graph\">{\"@context\":\"https:\/\/schema.org\",\"@graph\":[{\"@type\":\"WebPage\",\"@id\":\"https:\/\/iftiincargo.com\/services\/\",\"url\":\"https:\/\/iftiincargo.com\/services\/\",\"name\":\"Services - Sfreight\",\"isPartOf\":{\"@id\":\"https:\/\/iftiincargo.com\/#website\"},\"datePublished\":\"2025-06-10T12:47:30+00:00\",\"dateModified\":\"2025-07-25T14:02:17+00:00\",\"breadcrumb\":{\"@id\":\"https:\/\/iftiincargo.com\/services\/#breadcrumb\"},\"inLanguage\":\"sv-SE\",\"potentialAction\":[{\"@type\":\"ReadAction\",\"target\":[\"https:\/\/iftiincargo.com\/services\/\"]}]},{\"@type\":\"BreadcrumbList\",\"@id\":\"https:\/\/iftiincargo.com\/services\/#breadcrumb\",\"itemListElement\":[{\"@type\":\"ListItem\",\"position\":1,\"name\":\"Hem\",\"item\":\"https:\/\/iftiincargo.com\/\"},{\"@type\":\"ListItem\",\"position\":2,\"name\":\"Services\"}]},{\"@type\":\"WebSite\",\"@id\":\"https:\/\/iftiincargo.com\/#website\",\"url\":\"https:\/\/iftiincargo.com\/\",\"name\":\"Somalifrakt.se\",\"description\":\"\",\"publisher\":{\"@id\":\"https:\/\/iftiincargo.com\/#organization\"},\"potentialAction\":[{\"@type\":\"SearchAction\",\"target\":{\"@type\":\"EntryPoint\",\"urlTemplate\":\"https:\/\/iftiincargo.com\/?s={search_term_string}\"},\"query-input\":{\"@type\":\"PropertyValueSpecification\",\"valueRequired\":true,\"valueName\":\"search_term_string\"}}],\"inLanguage\":\"sv-SE\"},{\"@type\":\"Organization\",\"@id\":\"https:\/\/iftiincargo.com\/#organization\",\"name\":\"Somali frakt\",\"url\":\"https:\/\/iftiincargo.com\/\",\"logo\":{\"@type\":\"ImageObject\",\"inLanguage\":\"sv-SE\",\"@id\":\"https:\/\/iftiincargo.com\/#\/schema\/logo\/image\/\",\"url\":\"https:\/\/iftiincargo.com\/wp-content\/uploads\/2025\/06\/somalifrak.se-logo-orange-text.png\",\"contentUrl\":\"https:\/\/iftiincargo.com\/wp-content\/uploads\/2025\/06\/somalifrak.se-logo-orange-text.png\",\"width\":1044,\"height\":758,\"caption\":\"Somali frakt\"},\"image\":{\"@id\":\"https:\/\/iftiincargo.com\/#\/schema\/logo\/image\/\"}}]}<\/script>\n<!-- \/ Yoast SEO plugin. -->","yoast_head_json":{"title":"Tj\u00e4nster - Frakt","robots":{"index":"index","follow":"follow","max-snippet":"max-snippet:-1","max-image-preview":"max-image-preview:large","max-video-preview":"max-video-preview:-1"},"canonical":"https:\/\/iftiincargo.com\/sv\/services\/","og_locale":"sv_SE","og_type":"article","og_title":"Services - Sfreight","og_description":"Our Services Logistics and transportation. See All Services Shipping of personal belongings. Skicka kl\u00e4der, skor, elektronik och andra personliga saker till dina n\u00e4ra och k\u00e4ra i Somalia. Transport of large goods We handle furniture, appliances, bicycles and other larger items with care and precision. Learn More Special transports Do you need to send something extra [&hellip;]","og_url":"https:\/\/iftiincargo.com\/sv\/services\/","og_site_name":"Sfreight","article_modified_time":"2025-07-25T14:02:17+00:00","twitter_card":"summary_large_image","schema":{"@context":"https:\/\/schema.org","@graph":[{"@type":"WebPage","@id":"https:\/\/iftiincargo.com\/services\/","url":"https:\/\/iftiincargo.com\/services\/","name":"Tj\u00e4nster - Frakt","isPartOf":{"@id":"https:\/\/iftiincargo.com\/#website"},"datePublished":"2025-06-10T12:47:30+00:00","dateModified":"2025-07-25T14:02:17+00:00","breadcrumb":{"@id":"https:\/\/iftiincargo.com\/services\/#breadcrumb"},"inLanguage":"sv-SE","potentialAction":[{"@type":"ReadAction","target":["https:\/\/iftiincargo.com\/services\/"]}]},{"@type":"BreadcrumbList","@id":"https:\/\/iftiincargo.com\/services\/#breadcrumb","itemListElement":[{"@type":"ListItem","position":1,"name":"Hem","item":"https:\/\/iftiincargo.com\/"},{"@type":"ListItem","position":2,"name":"Services"}]},{"@type":"WebSite","@id":"https:\/\/iftiincargo.com\/#website","url":"https:\/\/iftiincargo.com\/","name":"Somalifrakt.se","description":"","publisher":{"@id":"https:\/\/iftiincargo.com\/#organization"},"potentialAction":[{"@type":"SearchAction","target":{"@type":"EntryPoint","urlTemplate":"https:\/\/iftiincargo.com\/?s={search_term_string}"},"query-input":{"@type":"PropertyValueSpecification","valueRequired":true,"valueName":"search_term_string"}}],"inLanguage":"sv-SE"},{"@type":"Organization","@id":"https:\/\/iftiincargo.com\/#organization","name":"Somalisk frakt","url":"https:\/\/iftiincargo.com\/","logo":{"@type":"ImageObject","inLanguage":"sv-SE","@id":"https:\/\/iftiincargo.com\/#\/schema\/logo\/image\/","url":"https:\/\/iftiincargo.com\/wp-content\/uploads\/2025\/06\/somalifrak.se-logo-orange-text.png","contentUrl":"https:\/\/iftiincargo.com\/wp-content\/uploads\/2025\/06\/somalifrak.se-logo-orange-text.png","width":1044,"height":758,"caption":"Somali frakt"},"image":{"@id":"https:\/\/iftiincargo.com\/#\/schema\/logo\/image\/"}}]}},"_links":{"self":[{"href":"https:\/\/iftiincargo.com\/sv\/wp-json\/wp\/v2\/pages\/8","targetHints":{"allow":["GET"]}}],"collection":[{"href":"https:\/\/iftiincargo.com\/sv\/wp-json\/wp\/v2\/pages"}],"about":[{"href":"https:\/\/iftiincargo.com\/sv\/wp-json\/wp\/v2\/types\/page"}],"author":[{"embeddable":true,"href":"https:\/\/iftiincargo.com\/sv\/wp-json\/wp\/v2\/users\/1"}],"replies":[{"embeddable":true,"href":"https:\/\/iftiincargo.com\/sv\/wp-json\/wp\/v2\/comments?post=8"}],"version-history":[{"count":0,"href":"https:\/\/iftiincargo.com\/sv\/wp-json\/wp\/v2\/pages\/8\/revisions"}],"wp:attachment":[{"href":"https:\/\/iftiincargo.com\/sv\/wp-json\/wp\/v2\/media?parent=8"}],"curies":[{"name":"wp","href":"https:\/\/api.w.org\/{rel}","templated":true}]}}